{"id":2372,"date":"2024-09-23T18:57:02","date_gmt":"2024-09-23T16:57:02","guid":{"rendered":"https:\/\/ferlamripoll.com\/politica-de-cookies\/"},"modified":"2025-03-20T16:14:47","modified_gmt":"2025-03-20T15:14:47","slug":"politica-de-cookies","status":"publish","type":"page","link":"https:\/\/ferlamripoll.com\/ca\/politica-de-cookies\/","title":{"rendered":"Pol\u00edtica de Cookies"},"content":{"rendered":"\n<p>El nostre lloc web ferlamripoll.com utilitza una tecnologia anomenada &#8216;cookie&#8217;, per tal de poder obtenir informaci\u00f3 sobre l&#8217;\u00fas del lloc web, millorar l&#8217;experi\u00e8ncia de l&#8217;usuari i garantir-ne el funcionament correcte.<\/p>\n\n<h2 class=\"wp-block-heading\">Definici\u00f3 de Cookie<\/h2>\n\n<p>Una &#8216;cookie&#8217; \u00e9s un petit fragment de text que els llocs web envien al navegador i que s&#8217;emmagatzemen al terminal de l&#8217;usuari, (ordinador o dispositiu m\u00f2bil). Aquests fitxers tenen la finalitat d&#8217;emmagatzemar dades que podran ser actualitzades i recuperades per l&#8217;entitat responsable de la instal\u00b7laci\u00f3. Aix\u00ed, cada cop que l&#8217;usuari torna a visitar el mateix lloc web, l&#8217;explorador recupera el fitxer i l&#8217;envia al servidor del lloc web. Les cookies tenen diverses funcions entre les quals s&#8217;inclouen, recollir informaci\u00f3 sobre les prefer\u00e8ncies de l&#8217;usuari i recordar-la, i en general, facilitar l&#8217;\u00fas del lloc web a l&#8217;usuari fent que el lloc sigui m\u00e9s \u00fatil en personalitzar-ne el contingut.   <\/p>\n\n<p>Les cookies es poden classificar en base a diferents par\u00e0metres:<\/p>\n\n<ol class=\"wp-block-list\">\n<li><strong>Titularitat<\/strong>: cookies pr\u00f2pies i cookies de tercers: depenent de quina sigui l&#8217;entitat que gestioni el domini des d&#8217;on s&#8217;envien les galetes i es tractin les dades que s&#8217;obtinguin.<\/li>\n\n\n\n<li><strong>Durada<\/strong>: cookies de sessi\u00f3 i cookies persistents: d&#8217;acord amb el termini de temps que romanen emmagatzemades al terminal de l&#8217;usuari.<\/li>\n\n\n\n<li><strong>Finalitat<\/strong>: dacord amb la finalitat per a la qual es tractin les dades obtingudes.\n<ul class=\"wp-block-list\">\n<li>Cookies t\u00e8cniques: s\u00f3n aquelles que permeten a l&#8217;usuari la navegaci\u00f3 a trav\u00e9s de la p\u00e0gina web o aplicaci\u00f3 i la utilitzaci\u00f3 de les diferents opcions o serveis que hi existeixen. Per exemple, controlar el tr\u00e0nsit i la comunicaci\u00f3 de dades, identificar la sessi\u00f3 o accedir a les parts web dacc\u00e9s restringit. <\/li>\n\n\n\n<li>Cookies de prefer\u00e8ncies o personalitzaci\u00f3: S\u00f3n aquelles que permeten recordar informaci\u00f3 perqu\u00e8 l&#8217;usuari accedeixi al servei amb determinades caracter\u00edstiques que poden diferenciar la seva experi\u00e8ncia de la d&#8217;altres usuaris, com ara l&#8217;idioma, el nombre de resultats a mostrar quan l&#8217;usuari realitza una cerca, l&#8217;aspecte o contingut del servei en funci\u00f3 del tipus de navegador a trav\u00e9s del qual l&#8217;usuari accedeix al servei oa la regi\u00f3 des de la qual accedeix.<\/li>\n\n\n\n<li>Cookies d&#8217;an\u00e0lisi o mesura: S\u00f3n aquelles que permeten al responsable el seguiment i l&#8217;an\u00e0lisi del comportament dels usuaris dels llocs web als quals estan vinculades, inclosa la quantificaci\u00f3 dels impactes dels anuncis. La informaci\u00f3 recollida mitjan\u00e7ant aquest tipus de galetes s&#8217;utilitza en el mesurament de l&#8217;activitat dels llocs web, aplicaci\u00f3 o plataforma, per introduir millores en funci\u00f3 de l&#8217;an\u00e0lisi de les dades d&#8217;\u00fas que fan els usuaris del servei. <\/li>\n\n\n\n<li>Cookies de publicitat comportamental: S\u00f3n aquelles que emmagatzemen informaci\u00f3 del comportament dels usuaris obtinguda a trav\u00e9s de l&#8217;observaci\u00f3 continuada dels seus h\u00e0bits de navegaci\u00f3, cosa que permet desenvolupar un perfil espec\u00edfic per mostrar publicitat en funci\u00f3 d&#8217;aquest perfil.<\/li>\n<\/ul>\n<\/li>\n<\/ol>\n\n<h2 class=\"wp-block-heading\">Cookies utilitzades al nostre lloc web<\/h2>\n\n<p>El nostre lloc web utilitza tant cookies pr\u00f2pies, que s\u00f3n les enviades al vostre dispositiu i gestionades exclusivament per nosaltres per al millor funcionament del lloc web, com a cookies de tercers, amb la funci\u00f3 de servir-nos com a eina d&#8217;an\u00e0lisi de la interacci\u00f3 els usuaris amb la nostra web, gr\u00e0cies a elles obtenim una informaci\u00f3 que pot ajudar a millorar la navegaci\u00f3 i donar un millor servei als usuaris.<\/p>\n\n<p>Utilitzem tant cookies temporals de sessi\u00f3 com galetes persistents. Les galetes de sessi\u00f3 emmagatzemen dades \u00fanicament mentre l&#8217;usuari accedeix a la web i les galetes persistents emmagatzemen les dades al terminal perqu\u00e8 siguin accedides i utilitzades en m\u00e9s d&#8217;una sessi\u00f3. <\/p>\n\n<p>Concretament les cookies utilitzades al nostre lloc web s\u00f3n:<\/p>\n\n<h3 class=\"wp-block-heading\">Cookies pr\u00f2pies:<\/h3>\n\n<p>Les cookies pr\u00f2pies que utilitzem al nostre lloc web s\u00f3n de car\u00e0cter t\u00e8cnic, fonamentals per al funcionament de la web.<\/p>\n\n<h3 class=\"wp-block-heading\">Cookies de tercers:<\/h3>\n\n<h4 class=\"wp-block-heading\">__utmz, __ utmc, __utma, __utmb,__utmt, __ga, __gat<\/h4>\n\n<ul class=\"wp-block-list\">\n<li>Titular: Google Inc. (Google Analytics) <\/li>\n\n\n\n<li>Finalitat: Anal\u00edtiques: analitzen el tr\u00e0nsit d\u02bbaquesta web.<\/li>\n\n\n\n<li>Durada: Sessi\u00f3 i persistents<\/li>\n<\/ul>\n\n<p>Per obtenir m\u00e9s informaci\u00f3 sobre les cookies i\/o per a la seva desactivaci\u00f3 podeu clicar sobre els enlla\u00e7os que hi ha al nom dels diferents titulars.<\/p>\n\n<p>Finalment, tamb\u00e9 s&#8217;utilitzen galetes de complement (plug-in) per intercanviar continguts socials.<\/p>\n\n<h2 class=\"wp-block-heading\">Consentiment<\/h2>\n\n<p>El consentiment per a l&#8217;\u00fas de les galetes abans enunciades, pels terminis assenyalats i en les condicions contingudes a la present Pol\u00edtica de Cookies, s&#8217;obtindr\u00e0 amb l&#8217;acceptaci\u00f3 de l&#8217;av\u00eds inicial d&#8217;informaci\u00f3 sobre les galetes que es visualitza en el moment en qu\u00e8 carrega la nostra web.<\/p>\n\n<p>Aix\u00ed mateix, us informem que si consulteu continguts a la nostra web allotjats en webs de tercers, aquests tenen la seva pr\u00f2pia pol\u00edtica de cookies.<\/p>\n\n<h2 class=\"wp-block-heading\">Retirada del consentiment<\/h2>\n\n<p>L&#8217;usuari pot retirar el consentiment per a l&#8217;\u00fas de galetes en qualsevol moment. Per fer-ho, podeu utilitzar el bot\u00f3 de la web que hi hagi a aquest efecte o eliminar les cookies del vostre navegador. <\/p>\n\n<h2 class=\"wp-block-heading\">Modificaci\u00f3 de la configuraci\u00f3 de les cookies<\/h2>\n\n<p><\/p>\n\n<p>L&#8217;usuari pot restringir, bloquejar o esborrar les galetes de qualsevol lloc web, utilitzant el vostre navegador. A cada navegador l&#8217;operativa \u00e9s diferent, per la qual cosa podeu consultar els seg\u00fcents enlla\u00e7os la forma de fer-ho <\/p>\n\n<ul class=\"wp-block-list\">\n<li><strong>Internet Explorer<\/strong>: <a href=\"https:\/\/support.microsoft.com\/es-es\/help\/17442\/windows-internet-explorer-delete-manage-cookies#ie=ie-11\" target=\"_blank\" rel=\"noreferrer noopener\">https:\/\/support.microsoft.com\/es-es\/help\/17442\/windows-internet-explorer-delete-manage-cookies#ie=ie-11<\/a><\/li>\n\n\n\n<li><strong>Edge:<\/strong> <a href=\"https:\/\/support.microsoft.com\/es-es\/help\/4468242\/microsoft-edge-browsing-data-and-privacy-microsoft-privacy\" target=\"_blank\" rel=\"noreferrer noopener\">https:\/\/support.microsoft.com\/es-es\/help\/4468242\/microsoft-edge-browsing-data-and-privacy-microsoft-privacy<\/a><\/li>\n\n\n\n<li><strong>FireFox:<\/strong> <a href=\"https:\/\/support.mozilla.org\/es\/kb\/clear-cookies-and-site-data-firefox\" target=\"_blank\" rel=\"noreferrer noopener\">https:\/\/support.mozilla.org\/es\/kb\/clear-cookies-and-site-data-firefox<\/a><\/li>\n\n\n\n<li><strong>Chrome<\/strong>: <a href=\"https:\/\/support.google.com\/chrome\/answer\/95647?hl=es\" target=\"_blank\" rel=\"noreferrer noopener\">https:\/\/support.google.com\/chrome\/answer\/95647?hl=es<\/a><\/li>\n\n\n\n<li><strong>Safari (mac):<\/strong> <a href=\"https:\/\/support.apple.com\/es-es\/guide\/safari\/manage-cookies-and-website-data-sfri11471\/mac\" target=\"_blank\" rel=\"noreferrer noopener\">https:\/\/support.apple.com\/es-es\/guide\/safari\/manage-cookies-and-website-data-sfri11471\/mac<\/a><\/li>\n\n\n\n<li><strong>Safari (iPhone\/iPad)<\/strong>: <a href=\"https:\/\/support.apple.com\/es-es\/HT201265\" target=\"_blank\" rel=\"noreferrer noopener\">https:\/\/support.apple.com\/es-es\/HT201265<\/a><\/li>\n\n\n\n<li><strong>Opera<\/strong>: <a href=\"https:\/\/help.opera.com\/en\/latest\/web-preferences\/#cookies\" target=\"_blank\" rel=\"noreferrer noopener\">https:\/\/help.opera.com\/en\/latest\/web-preferences\/#cookies<\/a><\/li>\n<\/ul>\n\n<p>Para obtener m\u00e1s informaci\u00f3n sobre la eliminaci\u00f3n, deshabilitaci\u00f3n o bloqueo de las cookies tambi\u00e9n puede visitar:<br\/><a target=\"_blank\" rel=\"noreferrer noopener\" href=\"https:\/\/www.aboutcookies.org\/how-to-manage-and-delete-cookies\">https:\/\/www.aboutcookies.org\/how-to-manage-and-delete-cookies<\/a><\/p>\n\n<h2 class=\"wp-block-heading\">Actualitzaci\u00f3 de la pol\u00edtica de cookies<\/h2>\n\n<p>Aquest lloc web pot modificar aquesta Pol\u00edtica sobre Cookies, per aix\u00f2 us recomanem revisar aquesta pol\u00edtica cada vegada que accediu al nostre lloc web per estar adequadament informat sobre l&#8217;\u00fas que fem de les cookies.<\/p>\n\n<p>Darrera actualitzaci\u00f3: 30\/07\/2024.<\/p>\n","protected":false},"excerpt":{"rendered":"<p>El nostre lloc web ferlamripoll.com utilitza una tecnologia anomenada &#8216;cookie&#8217;, per tal de poder obtenir informaci\u00f3 sobre l&#8217;\u00fas del lloc web, millorar l&#8217;experi\u00e8ncia de l&#8217;usuari i garantir-ne el funcionament correcte. Definici\u00f3 de Cookie Una &#8216;cookie&#8217; \u00e9s un petit fragment de text que els llocs web envien al navegador i que s&#8217;emmagatzemen al terminal de l&#8217;usuari, [&hellip;]<\/p>\n","protected":false},"author":2,"featured_media":0,"parent":0,"menu_order":7,"comment_status":"closed","ping_status":"closed","template":"","meta":{"footnotes":""},"class_list":["post-2372","page","type-page","status-publish","hentry"],"yoast_head":"<!-- This site is optimized with the Yoast SEO plugin v27.3 - https:\/\/yoast.com\/product\/yoast-seo-wordpress\/ -->\n<title>Pol\u00edtica de Cookies | Ferlam Serveis immobiliaris<\/title>\n<meta name=\"description\" content=\"Informa&#039;t sobre l&#039;\u00fas de cookies al nostre lloc web i com pots gestionar les teves prefer\u00e8ncies a Ferlam Serveis immobiliaris.\" \/>\n<meta name=\"robots\" content=\"index, follow, max-snippet:-1, max-image-preview:large, max-video-preview:-1\" \/>\n<link rel=\"canonical\" href=\"https:\/\/ferlamripoll.com\/ca\/politica-de-cookies\/\" \/>\n<meta property=\"og:locale\" content=\"ca_ES\" \/>\n<meta property=\"og:type\" content=\"article\" \/>\n<meta property=\"og:title\" content=\"Pol\u00edtica de Cookies | Ferlam Serveis immobiliaris\" \/>\n<meta property=\"og:description\" content=\"Informa&#039;t sobre l&#039;\u00fas de cookies al nostre lloc web i com pots gestionar les teves prefer\u00e8ncies a Ferlam Serveis immobiliaris.\" \/>\n<meta property=\"og:url\" content=\"https:\/\/ferlamripoll.com\/ca\/politica-de-cookies\/\" \/>\n<meta property=\"og:site_name\" content=\"Ferlam - Servicios inmobiliarios\" \/>\n<meta property=\"article:publisher\" content=\"https:\/\/www.facebook.com\/people\/Ferlam\/100048870507316\/\" \/>\n<meta property=\"article:modified_time\" content=\"2025-03-20T15:14:47+00:00\" \/>\n<meta name=\"twitter:card\" content=\"summary_large_image\" \/>\n<meta name=\"twitter:label1\" content=\"Temps estimat de lectura\" \/>\n\t<meta name=\"twitter:data1\" content=\"5 minuts\" \/>\n<script type=\"application\/ld+json\" class=\"yoast-schema-graph\">{\"@context\":\"https:\\\/\\\/schema.org\",\"@graph\":[{\"@type\":\"WebPage\",\"@id\":\"https:\\\/\\\/ferlamripoll.com\\\/ca\\\/politica-de-cookies\\\/\",\"url\":\"https:\\\/\\\/ferlamripoll.com\\\/ca\\\/politica-de-cookies\\\/\",\"name\":\"Pol\u00edtica de Cookies | Ferlam Serveis immobiliaris\",\"isPartOf\":{\"@id\":\"https:\\\/\\\/ferlamripoll.com\\\/ca\\\/#website\"},\"datePublished\":\"2024-09-23T16:57:02+00:00\",\"dateModified\":\"2025-03-20T15:14:47+00:00\",\"description\":\"Informa't sobre l'\u00fas de cookies al nostre lloc web i com pots gestionar les teves prefer\u00e8ncies a Ferlam Serveis immobiliaris.\",\"breadcrumb\":{\"@id\":\"https:\\\/\\\/ferlamripoll.com\\\/ca\\\/politica-de-cookies\\\/#breadcrumb\"},\"inLanguage\":\"ca\",\"potentialAction\":[{\"@type\":\"ReadAction\",\"target\":[\"https:\\\/\\\/ferlamripoll.com\\\/ca\\\/politica-de-cookies\\\/\"]}]},{\"@type\":\"BreadcrumbList\",\"@id\":\"https:\\\/\\\/ferlamripoll.com\\\/ca\\\/politica-de-cookies\\\/#breadcrumb\",\"itemListElement\":[{\"@type\":\"ListItem\",\"position\":1,\"name\":\"Portada\",\"item\":\"https:\\\/\\\/ferlamripoll.com\\\/ca\\\/inici\\\/\"},{\"@type\":\"ListItem\",\"position\":2,\"name\":\"Pol\u00edtica de Cookies\"}]},{\"@type\":\"WebSite\",\"@id\":\"https:\\\/\\\/ferlamripoll.com\\\/ca\\\/#website\",\"url\":\"https:\\\/\\\/ferlamripoll.com\\\/ca\\\/\",\"name\":\"Ferlam - Servicios inmobiliarios\",\"description\":\"\",\"publisher\":{\"@id\":\"https:\\\/\\\/ferlamripoll.com\\\/ca\\\/#organization\"},\"potentialAction\":[{\"@type\":\"SearchAction\",\"target\":{\"@type\":\"EntryPoint\",\"urlTemplate\":\"https:\\\/\\\/ferlamripoll.com\\\/ca\\\/?s={search_term_string}\"},\"query-input\":{\"@type\":\"PropertyValueSpecification\",\"valueRequired\":true,\"valueName\":\"search_term_string\"}}],\"inLanguage\":\"ca\"},{\"@type\":\"Organization\",\"@id\":\"https:\\\/\\\/ferlamripoll.com\\\/ca\\\/#organization\",\"name\":\"Ferlam - Servicios inmobiliarios\",\"url\":\"https:\\\/\\\/ferlamripoll.com\\\/ca\\\/\",\"logo\":{\"@type\":\"ImageObject\",\"inLanguage\":\"ca\",\"@id\":\"https:\\\/\\\/ferlamripoll.com\\\/ca\\\/#\\\/schema\\\/logo\\\/image\\\/\",\"url\":\"https:\\\/\\\/ferlamripoll.com\\\/wp-content\\\/uploads\\\/2024\\\/09\\\/logo-ferlam-1.webp\",\"contentUrl\":\"https:\\\/\\\/ferlamripoll.com\\\/wp-content\\\/uploads\\\/2024\\\/09\\\/logo-ferlam-1.webp\",\"width\":350,\"height\":96,\"caption\":\"Ferlam - Servicios inmobiliarios\"},\"image\":{\"@id\":\"https:\\\/\\\/ferlamripoll.com\\\/ca\\\/#\\\/schema\\\/logo\\\/image\\\/\"},\"sameAs\":[\"https:\\\/\\\/www.facebook.com\\\/people\\\/Ferlam\\\/100048870507316\\\/\",\"https:\\\/\\\/www.instagram.com\\\/ferlam.immobiliaria\\\/\"]}]}<\/script>\n<!-- \/ Yoast SEO plugin. -->","yoast_head_json":{"title":"Pol\u00edtica de Cookies | Ferlam Serveis immobiliaris","description":"Informa't sobre l'\u00fas de cookies al nostre lloc web i com pots gestionar les teves prefer\u00e8ncies a Ferlam Serveis immobiliaris.","robots":{"index":"index","follow":"follow","max-snippet":"max-snippet:-1","max-image-preview":"max-image-preview:large","max-video-preview":"max-video-preview:-1"},"canonical":"https:\/\/ferlamripoll.com\/ca\/politica-de-cookies\/","og_locale":"ca_ES","og_type":"article","og_title":"Pol\u00edtica de Cookies | Ferlam Serveis immobiliaris","og_description":"Informa't sobre l'\u00fas de cookies al nostre lloc web i com pots gestionar les teves prefer\u00e8ncies a Ferlam Serveis immobiliaris.","og_url":"https:\/\/ferlamripoll.com\/ca\/politica-de-cookies\/","og_site_name":"Ferlam - Servicios inmobiliarios","article_publisher":"https:\/\/www.facebook.com\/people\/Ferlam\/100048870507316\/","article_modified_time":"2025-03-20T15:14:47+00:00","twitter_card":"summary_large_image","twitter_misc":{"Temps estimat de lectura":"5 minuts"},"schema":{"@context":"https:\/\/schema.org","@graph":[{"@type":"WebPage","@id":"https:\/\/ferlamripoll.com\/ca\/politica-de-cookies\/","url":"https:\/\/ferlamripoll.com\/ca\/politica-de-cookies\/","name":"Pol\u00edtica de Cookies | Ferlam Serveis immobiliaris","isPartOf":{"@id":"https:\/\/ferlamripoll.com\/ca\/#website"},"datePublished":"2024-09-23T16:57:02+00:00","dateModified":"2025-03-20T15:14:47+00:00","description":"Informa't sobre l'\u00fas de cookies al nostre lloc web i com pots gestionar les teves prefer\u00e8ncies a Ferlam Serveis immobiliaris.","breadcrumb":{"@id":"https:\/\/ferlamripoll.com\/ca\/politica-de-cookies\/#breadcrumb"},"inLanguage":"ca","potentialAction":[{"@type":"ReadAction","target":["https:\/\/ferlamripoll.com\/ca\/politica-de-cookies\/"]}]},{"@type":"BreadcrumbList","@id":"https:\/\/ferlamripoll.com\/ca\/politica-de-cookies\/#breadcrumb","itemListElement":[{"@type":"ListItem","position":1,"name":"Portada","item":"https:\/\/ferlamripoll.com\/ca\/inici\/"},{"@type":"ListItem","position":2,"name":"Pol\u00edtica de Cookies"}]},{"@type":"WebSite","@id":"https:\/\/ferlamripoll.com\/ca\/#website","url":"https:\/\/ferlamripoll.com\/ca\/","name":"Ferlam - Servicios inmobiliarios","description":"","publisher":{"@id":"https:\/\/ferlamripoll.com\/ca\/#organization"},"potentialAction":[{"@type":"SearchAction","target":{"@type":"EntryPoint","urlTemplate":"https:\/\/ferlamripoll.com\/ca\/?s={search_term_string}"},"query-input":{"@type":"PropertyValueSpecification","valueRequired":true,"valueName":"search_term_string"}}],"inLanguage":"ca"},{"@type":"Organization","@id":"https:\/\/ferlamripoll.com\/ca\/#organization","name":"Ferlam - Servicios inmobiliarios","url":"https:\/\/ferlamripoll.com\/ca\/","logo":{"@type":"ImageObject","inLanguage":"ca","@id":"https:\/\/ferlamripoll.com\/ca\/#\/schema\/logo\/image\/","url":"https:\/\/ferlamripoll.com\/wp-content\/uploads\/2024\/09\/logo-ferlam-1.webp","contentUrl":"https:\/\/ferlamripoll.com\/wp-content\/uploads\/2024\/09\/logo-ferlam-1.webp","width":350,"height":96,"caption":"Ferlam - Servicios inmobiliarios"},"image":{"@id":"https:\/\/ferlamripoll.com\/ca\/#\/schema\/logo\/image\/"},"sameAs":["https:\/\/www.facebook.com\/people\/Ferlam\/100048870507316\/","https:\/\/www.instagram.com\/ferlam.immobiliaria\/"]}]}},"_links":{"self":[{"href":"https:\/\/ferlamripoll.com\/ca\/wp-json\/wp\/v2\/pages\/2372","targetHints":{"allow":["GET"]}}],"collection":[{"href":"https:\/\/ferlamripoll.com\/ca\/wp-json\/wp\/v2\/pages"}],"about":[{"href":"https:\/\/ferlamripoll.com\/ca\/wp-json\/wp\/v2\/types\/page"}],"author":[{"embeddable":true,"href":"https:\/\/ferlamripoll.com\/ca\/wp-json\/wp\/v2\/users\/2"}],"replies":[{"embeddable":true,"href":"https:\/\/ferlamripoll.com\/ca\/wp-json\/wp\/v2\/comments?post=2372"}],"version-history":[{"count":1,"href":"https:\/\/ferlamripoll.com\/ca\/wp-json\/wp\/v2\/pages\/2372\/revisions"}],"predecessor-version":[{"id":2373,"href":"https:\/\/ferlamripoll.com\/ca\/wp-json\/wp\/v2\/pages\/2372\/revisions\/2373"}],"wp:attachment":[{"href":"https:\/\/ferlamripoll.com\/ca\/wp-json\/wp\/v2\/media?parent=2372"}],"curies":[{"name":"wp","href":"https:\/\/api.w.org\/{rel}","templated":true}]}}