{"id":2360,"date":"2024-09-23T19:04:13","date_gmt":"2024-09-23T17:04:13","guid":{"rendered":"https:\/\/ferlamripoll.com\/gestions\/"},"modified":"2025-12-04T12:43:21","modified_gmt":"2025-12-04T11:43:21","slug":"gestions","status":"publish","type":"page","link":"https:\/\/ferlamripoll.com\/ca\/gestions\/","title":{"rendered":"Gestions"},"content":{"rendered":"\t\t<div data-elementor-type=\"wp-page\" data-elementor-id=\"2360\" class=\"elementor elementor-2360 elementor-38\" data-elementor-post-type=\"page\">\n\t\t\t\t<div class=\"elementor-element elementor-element-b4c9034 topImage--transparentHeader e-flex e-con-boxed e-con e-parent\" data-id=\"b4c9034\" data-element_type=\"container\" data-e-type=\"container\" data-settings=\"{&quot;background_background&quot;:&quot;classic&quot;}\">\n\t\t\t\t\t<div class=\"e-con-inner\">\n\t\t\t\t<div class=\"elementor-element elementor-element-579da44 elementor-widget elementor-widget-heading\" data-id=\"579da44\" data-element_type=\"widget\" data-e-type=\"widget\" data-widget_type=\"heading.default\">\n\t\t\t\t<div class=\"elementor-widget-container\">\n\t\t\t\t\t<span class=\"elementor-heading-title elementor-size-default\">GESTIONS<\/span>\t\t\t\t<\/div>\n\t\t\t\t<\/div>\n\t\t\t\t<div class=\"elementor-element elementor-element-221b055 elementor-widget elementor-widget-heading\" data-id=\"221b055\" data-element_type=\"widget\" data-e-type=\"widget\" data-widget_type=\"heading.default\">\n\t\t\t\t<div class=\"elementor-widget-container\">\n\t\t\t\t\t<h1 class=\"elementor-heading-title elementor-size-default\">Us oferim diversos serveis de gesti\u00f3 per a la vostra propietat<\/h1>\t\t\t\t<\/div>\n\t\t\t\t<\/div>\n\t\t\t\t<div class=\"elementor-element elementor-element-affb495 elementor-widget elementor-widget-text-editor\" data-id=\"affb495\" data-element_type=\"widget\" data-e-type=\"widget\" data-widget_type=\"text-editor.default\">\n\t\t\t\t<div class=\"elementor-widget-container\">\n\t\t\t\t\t\t\t\t\t<p>A Ferlam t&#8217;acompanyem a cada pas: compra, venda i lloguer de propietats, amb solucions legals i administratives integrals.<\/p>\n\t\t\t\t\t\t\t\t<\/div>\n\t\t\t\t<\/div>\n\t\t\t\t\t<\/div>\n\t\t\t\t<\/div>\n\t\t<div class=\"elementor-element elementor-element-a0b46bf e-flex e-con-boxed e-con e-parent\" data-id=\"a0b46bf\" data-element_type=\"container\" data-e-type=\"container\" data-settings=\"{&quot;background_background&quot;:&quot;classic&quot;}\">\n\t\t\t\t\t<div class=\"e-con-inner\">\n\t\t<div class=\"elementor-element elementor-element-355508a e-con-full e-flex e-con e-child\" data-id=\"355508a\" data-element_type=\"container\" data-e-type=\"container\">\n\t\t<a class=\"elementor-element elementor-element-076b7fb e-con-full e-transform top--shadow e-flex e-con e-child\" data-id=\"076b7fb\" data-element_type=\"container\" data-e-type=\"container\" data-settings=\"{&quot;background_background&quot;:&quot;classic&quot;,&quot;background_motion_fx_motion_fx_mouse&quot;:&quot;yes&quot;,&quot;_transform_scale_effect_hover&quot;:{&quot;unit&quot;:&quot;px&quot;,&quot;size&quot;:1.01,&quot;sizes&quot;:[]},&quot;_transform_scale_effect_hover_widescreen&quot;:{&quot;unit&quot;:&quot;px&quot;,&quot;size&quot;:&quot;&quot;,&quot;sizes&quot;:[]},&quot;_transform_scale_effect_hover_laptop&quot;:{&quot;unit&quot;:&quot;px&quot;,&quot;size&quot;:&quot;&quot;,&quot;sizes&quot;:[]},&quot;_transform_scale_effect_hover_tablet_extra&quot;:{&quot;unit&quot;:&quot;px&quot;,&quot;size&quot;:&quot;&quot;,&quot;sizes&quot;:[]},&quot;_transform_scale_effect_hover_tablet&quot;:{&quot;unit&quot;:&quot;px&quot;,&quot;size&quot;:&quot;&quot;,&quot;sizes&quot;:[]},&quot;_transform_scale_effect_hover_mobile_extra&quot;:{&quot;unit&quot;:&quot;px&quot;,&quot;size&quot;:&quot;&quot;,&quot;sizes&quot;:[]},&quot;_transform_scale_effect_hover_mobile&quot;:{&quot;unit&quot;:&quot;px&quot;,&quot;size&quot;:&quot;&quot;,&quot;sizes&quot;:[]}}\" href=\"https:\/\/ferlamripoll.com\/gestiones\/compra\/\">\n\t\t\t\t<div class=\"elementor-element elementor-element-8903c1b elementor-widget elementor-widget-heading\" data-id=\"8903c1b\" data-element_type=\"widget\" data-e-type=\"widget\" data-widget_type=\"heading.default\">\n\t\t\t\t<div class=\"elementor-widget-container\">\n\t\t\t\t\t<h3 class=\"elementor-heading-title elementor-size-default\">Compra<\/h3>\t\t\t\t<\/div>\n\t\t\t\t<\/div>\n\t\t\t\t<\/a>\n\t\t<a class=\"elementor-element elementor-element-a86c740 e-con-full e-transform top--shadow e-flex e-con e-child\" data-id=\"a86c740\" data-element_type=\"container\" data-e-type=\"container\" data-settings=\"{&quot;background_background&quot;:&quot;classic&quot;,&quot;background_motion_fx_motion_fx_mouse&quot;:&quot;yes&quot;,&quot;_transform_scale_effect_hover&quot;:{&quot;unit&quot;:&quot;px&quot;,&quot;size&quot;:1.01,&quot;sizes&quot;:[]},&quot;_transform_scale_effect_hover_widescreen&quot;:{&quot;unit&quot;:&quot;px&quot;,&quot;size&quot;:&quot;&quot;,&quot;sizes&quot;:[]},&quot;_transform_scale_effect_hover_laptop&quot;:{&quot;unit&quot;:&quot;px&quot;,&quot;size&quot;:&quot;&quot;,&quot;sizes&quot;:[]},&quot;_transform_scale_effect_hover_tablet_extra&quot;:{&quot;unit&quot;:&quot;px&quot;,&quot;size&quot;:&quot;&quot;,&quot;sizes&quot;:[]},&quot;_transform_scale_effect_hover_tablet&quot;:{&quot;unit&quot;:&quot;px&quot;,&quot;size&quot;:&quot;&quot;,&quot;sizes&quot;:[]},&quot;_transform_scale_effect_hover_mobile_extra&quot;:{&quot;unit&quot;:&quot;px&quot;,&quot;size&quot;:&quot;&quot;,&quot;sizes&quot;:[]},&quot;_transform_scale_effect_hover_mobile&quot;:{&quot;unit&quot;:&quot;px&quot;,&quot;size&quot;:&quot;&quot;,&quot;sizes&quot;:[]}}\" href=\"https:\/\/ferlamripoll.com\/gestiones\/venta\/\">\n\t\t\t\t<div class=\"elementor-element elementor-element-1710e3c elementor-widget elementor-widget-heading\" data-id=\"1710e3c\" data-element_type=\"widget\" data-e-type=\"widget\" data-widget_type=\"heading.default\">\n\t\t\t\t<div class=\"elementor-widget-container\">\n\t\t\t\t\t<h3 class=\"elementor-heading-title elementor-size-default\">Venda<\/h3>\t\t\t\t<\/div>\n\t\t\t\t<\/div>\n\t\t\t\t<\/a>\n\t\t<a class=\"elementor-element elementor-element-bd15b08 e-con-full e-transform top--shadow e-flex e-con e-child\" data-id=\"bd15b08\" data-element_type=\"container\" data-e-type=\"container\" data-settings=\"{&quot;background_background&quot;:&quot;classic&quot;,&quot;background_motion_fx_motion_fx_mouse&quot;:&quot;yes&quot;,&quot;_transform_scale_effect_hover&quot;:{&quot;unit&quot;:&quot;px&quot;,&quot;size&quot;:1.01,&quot;sizes&quot;:[]},&quot;_transform_scale_effect_hover_widescreen&quot;:{&quot;unit&quot;:&quot;px&quot;,&quot;size&quot;:&quot;&quot;,&quot;sizes&quot;:[]},&quot;_transform_scale_effect_hover_laptop&quot;:{&quot;unit&quot;:&quot;px&quot;,&quot;size&quot;:&quot;&quot;,&quot;sizes&quot;:[]},&quot;_transform_scale_effect_hover_tablet_extra&quot;:{&quot;unit&quot;:&quot;px&quot;,&quot;size&quot;:&quot;&quot;,&quot;sizes&quot;:[]},&quot;_transform_scale_effect_hover_tablet&quot;:{&quot;unit&quot;:&quot;px&quot;,&quot;size&quot;:&quot;&quot;,&quot;sizes&quot;:[]},&quot;_transform_scale_effect_hover_mobile_extra&quot;:{&quot;unit&quot;:&quot;px&quot;,&quot;size&quot;:&quot;&quot;,&quot;sizes&quot;:[]},&quot;_transform_scale_effect_hover_mobile&quot;:{&quot;unit&quot;:&quot;px&quot;,&quot;size&quot;:&quot;&quot;,&quot;sizes&quot;:[]}}\" href=\"https:\/\/ferlamripoll.com\/gestiones\/alquiler\/\">\n\t\t\t\t<div class=\"elementor-element elementor-element-29d411c elementor-widget elementor-widget-heading\" data-id=\"29d411c\" data-element_type=\"widget\" data-e-type=\"widget\" data-widget_type=\"heading.default\">\n\t\t\t\t<div class=\"elementor-widget-container\">\n\t\t\t\t\t<h3 class=\"elementor-heading-title elementor-size-default\">Lloguer<\/h3>\t\t\t\t<\/div>\n\t\t\t\t<\/div>\n\t\t\t\t<\/a>\n\t\t<a class=\"elementor-element elementor-element-62b0a42 e-con-full e-transform top--shadow e-flex e-con e-child\" data-id=\"62b0a42\" data-element_type=\"container\" data-e-type=\"container\" data-settings=\"{&quot;background_background&quot;:&quot;classic&quot;,&quot;background_motion_fx_motion_fx_mouse&quot;:&quot;yes&quot;,&quot;_transform_scale_effect_hover&quot;:{&quot;unit&quot;:&quot;px&quot;,&quot;size&quot;:1.01,&quot;sizes&quot;:[]},&quot;_transform_scale_effect_hover_widescreen&quot;:{&quot;unit&quot;:&quot;px&quot;,&quot;size&quot;:&quot;&quot;,&quot;sizes&quot;:[]},&quot;_transform_scale_effect_hover_laptop&quot;:{&quot;unit&quot;:&quot;px&quot;,&quot;size&quot;:&quot;&quot;,&quot;sizes&quot;:[]},&quot;_transform_scale_effect_hover_tablet_extra&quot;:{&quot;unit&quot;:&quot;px&quot;,&quot;size&quot;:&quot;&quot;,&quot;sizes&quot;:[]},&quot;_transform_scale_effect_hover_tablet&quot;:{&quot;unit&quot;:&quot;px&quot;,&quot;size&quot;:&quot;&quot;,&quot;sizes&quot;:[]},&quot;_transform_scale_effect_hover_mobile_extra&quot;:{&quot;unit&quot;:&quot;px&quot;,&quot;size&quot;:&quot;&quot;,&quot;sizes&quot;:[]},&quot;_transform_scale_effect_hover_mobile&quot;:{&quot;unit&quot;:&quot;px&quot;,&quot;size&quot;:&quot;&quot;,&quot;sizes&quot;:[]}}\" href=\"https:\/\/ferlamripoll.com\/gestiones\/seguridad\/\">\n\t\t\t\t<div class=\"elementor-element elementor-element-d24a41d elementor-widget elementor-widget-heading\" data-id=\"d24a41d\" data-element_type=\"widget\" data-e-type=\"widget\" data-widget_type=\"heading.default\">\n\t\t\t\t<div class=\"elementor-widget-container\">\n\t\t\t\t\t<h3 class=\"elementor-heading-title elementor-size-default\">Seguretat<\/h3>\t\t\t\t<\/div>\n\t\t\t\t<\/div>\n\t\t\t\t<\/a>\n\t\t\t\t<\/div>\n\t\t\t\t\t<\/div>\n\t\t\t\t<\/div>\n\t\t\t\t<\/div>\n\t\t","protected":false},"excerpt":{"rendered":"<p>GESTIONS Us oferim diversos serveis de gesti\u00f3 per a la vostra propietat A Ferlam t&#8217;acompanyem a cada pas: compra, venda i lloguer de propietats, amb solucions legals i administratives integrals. Compra Venda Lloguer Seguretat<\/p>\n","protected":false},"author":2,"featured_media":0,"parent":0,"menu_order":6,"comment_status":"closed","ping_status":"closed","template":"","meta":{"footnotes":""},"class_list":["post-2360","page","type-page","status-publish","hentry"],"yoast_head":"<!-- This site is optimized with the Yoast SEO plugin v27.4 - https:\/\/yoast.com\/product\/yoast-seo-wordpress\/ -->\n<title>Gestions de Ferlam immobili\u00e0ria | Immobili\u00e0ria a Ripoll<\/title>\n<meta name=\"description\" content=\"Oferim serveis integrals de gesti\u00f3 immobili\u00e0ria a Ripoll, incloent compra, venda i lloguer de propietats.\" \/>\n<meta name=\"robots\" content=\"index, follow, max-snippet:-1, max-image-preview:large, max-video-preview:-1\" \/>\n<link rel=\"canonical\" href=\"https:\/\/ferlamripoll.com\/ca\/gestions\/\" \/>\n<meta property=\"og:locale\" content=\"ca_ES\" \/>\n<meta property=\"og:type\" content=\"article\" \/>\n<meta property=\"og:title\" content=\"Gestions de Ferlam immobili\u00e0ria | Immobili\u00e0ria a Ripoll\" \/>\n<meta property=\"og:description\" content=\"Oferim serveis integrals de gesti\u00f3 immobili\u00e0ria a Ripoll, incloent compra, venda i lloguer de propietats.\" \/>\n<meta property=\"og:url\" content=\"https:\/\/ferlamripoll.com\/ca\/gestions\/\" \/>\n<meta property=\"og:site_name\" content=\"Ferlam - Servicios inmobiliarios\" \/>\n<meta property=\"article:publisher\" content=\"https:\/\/www.facebook.com\/people\/Ferlam\/100048870507316\/\" \/>\n<meta property=\"article:modified_time\" content=\"2025-12-04T11:43:21+00:00\" \/>\n<meta name=\"twitter:card\" content=\"summary_large_image\" \/>\n<meta name=\"twitter:label1\" content=\"Temps estimat de lectura\" \/>\n\t<meta name=\"twitter:data1\" content=\"1 minut\" \/>\n<script type=\"application\/ld+json\" class=\"yoast-schema-graph\">{\"@context\":\"https:\\\/\\\/schema.org\",\"@graph\":[{\"@type\":\"WebPage\",\"@id\":\"https:\\\/\\\/ferlamripoll.com\\\/ca\\\/gestions\\\/\",\"url\":\"https:\\\/\\\/ferlamripoll.com\\\/ca\\\/gestions\\\/\",\"name\":\"Gestions de Ferlam immobili\u00e0ria | Immobili\u00e0ria a Ripoll\",\"isPartOf\":{\"@id\":\"https:\\\/\\\/ferlamripoll.com\\\/ca\\\/#website\"},\"datePublished\":\"2024-09-23T17:04:13+00:00\",\"dateModified\":\"2025-12-04T11:43:21+00:00\",\"description\":\"Oferim serveis integrals de gesti\u00f3 immobili\u00e0ria a Ripoll, incloent compra, venda i lloguer de propietats.\",\"breadcrumb\":{\"@id\":\"https:\\\/\\\/ferlamripoll.com\\\/ca\\\/gestions\\\/#breadcrumb\"},\"inLanguage\":\"ca\",\"potentialAction\":[{\"@type\":\"ReadAction\",\"target\":[\"https:\\\/\\\/ferlamripoll.com\\\/ca\\\/gestions\\\/\"]}]},{\"@type\":\"BreadcrumbList\",\"@id\":\"https:\\\/\\\/ferlamripoll.com\\\/ca\\\/gestions\\\/#breadcrumb\",\"itemListElement\":[{\"@type\":\"ListItem\",\"position\":1,\"name\":\"Portada\",\"item\":\"https:\\\/\\\/ferlamripoll.com\\\/ca\\\/inici\\\/\"},{\"@type\":\"ListItem\",\"position\":2,\"name\":\"Gestions\"}]},{\"@type\":\"WebSite\",\"@id\":\"https:\\\/\\\/ferlamripoll.com\\\/ca\\\/#website\",\"url\":\"https:\\\/\\\/ferlamripoll.com\\\/ca\\\/\",\"name\":\"Ferlam - Servicios inmobiliarios\",\"description\":\"\",\"publisher\":{\"@id\":\"https:\\\/\\\/ferlamripoll.com\\\/ca\\\/#organization\"},\"potentialAction\":[{\"@type\":\"SearchAction\",\"target\":{\"@type\":\"EntryPoint\",\"urlTemplate\":\"https:\\\/\\\/ferlamripoll.com\\\/ca\\\/?s={search_term_string}\"},\"query-input\":{\"@type\":\"PropertyValueSpecification\",\"valueRequired\":true,\"valueName\":\"search_term_string\"}}],\"inLanguage\":\"ca\"},{\"@type\":\"Organization\",\"@id\":\"https:\\\/\\\/ferlamripoll.com\\\/ca\\\/#organization\",\"name\":\"Ferlam - Servicios inmobiliarios\",\"url\":\"https:\\\/\\\/ferlamripoll.com\\\/ca\\\/\",\"logo\":{\"@type\":\"ImageObject\",\"inLanguage\":\"ca\",\"@id\":\"https:\\\/\\\/ferlamripoll.com\\\/ca\\\/#\\\/schema\\\/logo\\\/image\\\/\",\"url\":\"https:\\\/\\\/ferlamripoll.com\\\/wp-content\\\/uploads\\\/2024\\\/09\\\/logo-ferlam-1.webp\",\"contentUrl\":\"https:\\\/\\\/ferlamripoll.com\\\/wp-content\\\/uploads\\\/2024\\\/09\\\/logo-ferlam-1.webp\",\"width\":350,\"height\":96,\"caption\":\"Ferlam - Servicios inmobiliarios\"},\"image\":{\"@id\":\"https:\\\/\\\/ferlamripoll.com\\\/ca\\\/#\\\/schema\\\/logo\\\/image\\\/\"},\"sameAs\":[\"https:\\\/\\\/www.facebook.com\\\/people\\\/Ferlam\\\/100048870507316\\\/\",\"https:\\\/\\\/www.instagram.com\\\/ferlam.immobiliaria\\\/\"]}]}<\/script>\n<!-- \/ Yoast SEO plugin. -->","yoast_head_json":{"title":"Gestions de Ferlam immobili\u00e0ria | Immobili\u00e0ria a Ripoll","description":"Oferim serveis integrals de gesti\u00f3 immobili\u00e0ria a Ripoll, incloent compra, venda i lloguer de propietats.","robots":{"index":"index","follow":"follow","max-snippet":"max-snippet:-1","max-image-preview":"max-image-preview:large","max-video-preview":"max-video-preview:-1"},"canonical":"https:\/\/ferlamripoll.com\/ca\/gestions\/","og_locale":"ca_ES","og_type":"article","og_title":"Gestions de Ferlam immobili\u00e0ria | Immobili\u00e0ria a Ripoll","og_description":"Oferim serveis integrals de gesti\u00f3 immobili\u00e0ria a Ripoll, incloent compra, venda i lloguer de propietats.","og_url":"https:\/\/ferlamripoll.com\/ca\/gestions\/","og_site_name":"Ferlam - Servicios inmobiliarios","article_publisher":"https:\/\/www.facebook.com\/people\/Ferlam\/100048870507316\/","article_modified_time":"2025-12-04T11:43:21+00:00","twitter_card":"summary_large_image","twitter_misc":{"Temps estimat de lectura":"1 minut"},"schema":{"@context":"https:\/\/schema.org","@graph":[{"@type":"WebPage","@id":"https:\/\/ferlamripoll.com\/ca\/gestions\/","url":"https:\/\/ferlamripoll.com\/ca\/gestions\/","name":"Gestions de Ferlam immobili\u00e0ria | Immobili\u00e0ria a Ripoll","isPartOf":{"@id":"https:\/\/ferlamripoll.com\/ca\/#website"},"datePublished":"2024-09-23T17:04:13+00:00","dateModified":"2025-12-04T11:43:21+00:00","description":"Oferim serveis integrals de gesti\u00f3 immobili\u00e0ria a Ripoll, incloent compra, venda i lloguer de propietats.","breadcrumb":{"@id":"https:\/\/ferlamripoll.com\/ca\/gestions\/#breadcrumb"},"inLanguage":"ca","potentialAction":[{"@type":"ReadAction","target":["https:\/\/ferlamripoll.com\/ca\/gestions\/"]}]},{"@type":"BreadcrumbList","@id":"https:\/\/ferlamripoll.com\/ca\/gestions\/#breadcrumb","itemListElement":[{"@type":"ListItem","position":1,"name":"Portada","item":"https:\/\/ferlamripoll.com\/ca\/inici\/"},{"@type":"ListItem","position":2,"name":"Gestions"}]},{"@type":"WebSite","@id":"https:\/\/ferlamripoll.com\/ca\/#website","url":"https:\/\/ferlamripoll.com\/ca\/","name":"Ferlam - Servicios inmobiliarios","description":"","publisher":{"@id":"https:\/\/ferlamripoll.com\/ca\/#organization"},"potentialAction":[{"@type":"SearchAction","target":{"@type":"EntryPoint","urlTemplate":"https:\/\/ferlamripoll.com\/ca\/?s={search_term_string}"},"query-input":{"@type":"PropertyValueSpecification","valueRequired":true,"valueName":"search_term_string"}}],"inLanguage":"ca"},{"@type":"Organization","@id":"https:\/\/ferlamripoll.com\/ca\/#organization","name":"Ferlam - Servicios inmobiliarios","url":"https:\/\/ferlamripoll.com\/ca\/","logo":{"@type":"ImageObject","inLanguage":"ca","@id":"https:\/\/ferlamripoll.com\/ca\/#\/schema\/logo\/image\/","url":"https:\/\/ferlamripoll.com\/wp-content\/uploads\/2024\/09\/logo-ferlam-1.webp","contentUrl":"https:\/\/ferlamripoll.com\/wp-content\/uploads\/2024\/09\/logo-ferlam-1.webp","width":350,"height":96,"caption":"Ferlam - Servicios inmobiliarios"},"image":{"@id":"https:\/\/ferlamripoll.com\/ca\/#\/schema\/logo\/image\/"},"sameAs":["https:\/\/www.facebook.com\/people\/Ferlam\/100048870507316\/","https:\/\/www.instagram.com\/ferlam.immobiliaria\/"]}]}},"_links":{"self":[{"href":"https:\/\/ferlamripoll.com\/ca\/wp-json\/wp\/v2\/pages\/2360","targetHints":{"allow":["GET"]}}],"collection":[{"href":"https:\/\/ferlamripoll.com\/ca\/wp-json\/wp\/v2\/pages"}],"about":[{"href":"https:\/\/ferlamripoll.com\/ca\/wp-json\/wp\/v2\/types\/page"}],"author":[{"embeddable":true,"href":"https:\/\/ferlamripoll.com\/ca\/wp-json\/wp\/v2\/users\/2"}],"replies":[{"embeddable":true,"href":"https:\/\/ferlamripoll.com\/ca\/wp-json\/wp\/v2\/comments?post=2360"}],"version-history":[{"count":4,"href":"https:\/\/ferlamripoll.com\/ca\/wp-json\/wp\/v2\/pages\/2360\/revisions"}],"predecessor-version":[{"id":6636,"href":"https:\/\/ferlamripoll.com\/ca\/wp-json\/wp\/v2\/pages\/2360\/revisions\/6636"}],"wp:attachment":[{"href":"https:\/\/ferlamripoll.com\/ca\/wp-json\/wp\/v2\/media?parent=2360"}],"curies":[{"name":"wp","href":"https:\/\/api.w.org\/{rel}","templated":true}]}}