{"id":2358,"date":"2024-09-23T18:56:00","date_gmt":"2024-09-23T16:56:00","guid":{"rendered":"https:\/\/ferlamripoll.com\/avis-legal\/"},"modified":"2025-03-20T15:13:59","modified_gmt":"2025-03-20T14:13:59","slug":"avis-legal","status":"publish","type":"page","link":"https:\/\/ferlamripoll.com\/ca\/avis-legal\/","title":{"rendered":"Av\u00eds legal"},"content":{"rendered":"\n<p>De conformitat amb la Llei 34\/2002, de Serveis de la Societat de la Informaci\u00f3 i de Comer\u00e7 Electr\u00f2nic, us informem que aquesta web \u00e9s titularitat de:<\/p>\n\n<p>Identitat: Serveis Integrals MJC, SLU (d&#8217;ara endavant \u201cEL TITULAR\u201d)<\/p>\n\n<p>CIF: B70752415<\/p>\n\n<p>Domicili: pl. Gran, 5 <\/p>\n\n<p>Tel\u00e8fon: 972 70 34 69<\/p>\n\n<h2 class=\"wp-block-heading\">PROPIETAT INTEL\u00b7LECTUAL I INDUSTRIAL<\/h2>\n\n<p>Els continguts d&#8217;aquest lloc, incloent-hi els textos, imatges i dissenys gr\u00e0fics, pertanyen a EL TITULAR, oa tercers que n&#8217;han autoritzat l&#8217;\u00fas. EL TITULAR presenta aquests continguts amb finalitats dinformaci\u00f3 i promoci\u00f3. EL TITULAR n&#8217;autoritza la utilitzaci\u00f3 exclusivament amb aquestes finalitats. Qualsevol utilitzaci\u00f3 d&#8217;aquests dissenys, imatges o textos haur\u00e0 de citar expressament la seva pertinen\u00e7a a EL TITULAR, que es reserva el dret d&#8217;iniciar les accions legals oportunes per reparar els danys   <\/p>\n\n<h2 class=\"wp-block-heading\">EXCLUSI\u00d3 DE RESPONSABILITAT<\/h2>\n\n<p>EL TITULAR actua amb la m\u00e0xima dilig\u00e8ncia possible perqu\u00e8 les dades i la informaci\u00f3 que ofereix al vostre lloc web estigui actualitzada en tom moment, si b\u00e9 no garanteix ni es fa responsable de l&#8217;exactitud i actualitzaci\u00f3 dels continguts del lloc web, reservant-se el dret a modificar aquests continguts en qualsevol moment. EL TITULAR tampoc no ser\u00e0 responsable de la informaci\u00f3 que es pugui obtenir a trav\u00e9s d&#8217;enlla\u00e7os inclosos al lloc web. <\/p>\n\n<p>Les relacions comercials amb els clients es regeixen per les Condicions Generals que, si s&#8217;escau, el TITULAR estableixi en un document espec\u00edfic a aquest efecte, o pels pactes concrets que es puguin acordar amb els clients.<\/p>\n\n<h2 class=\"wp-block-heading\">CONDICIONS D&#8217;\u00daS<\/h2>\n\n<p>L\u00b4\u00fas d\u00b4aquest lloc web implica l\u00b4acceptaci\u00f3 plena dels termes del present av\u00eds legal. Els possibles conflictes relatius a aquest lloc web es regiran exclusivament pel dret de l&#8217;Estat Espanyol. Tota persona usu\u00e0ria de la web, independentment de la jurisdicci\u00f3 territorial des de la qual es produeixi el seu acc\u00e9s, accepta el compliment i respecte d&#8217;aquestes cl\u00e0usules amb ren\u00fancia expressa a qualsevol altre fur que li pogu\u00e9s correspondre, sens perjudici dels drets que legalment corresponguin a l&#8217;usuari, en cas que aquest ostenti la condici\u00f3 de consumidor.  <\/p>\n","protected":false},"excerpt":{"rendered":"<p>De conformitat amb la Llei 34\/2002, de Serveis de la Societat de la Informaci\u00f3 i de Comer\u00e7 Electr\u00f2nic, us informem que aquesta web \u00e9s titularitat de: Identitat: Serveis Integrals MJC, SLU (d&#8217;ara endavant \u201cEL TITULAR\u201d) CIF: B70752415 Domicili: pl. Gran, 5 Tel\u00e8fon: 972 70 34 69 PROPIETAT INTEL\u00b7LECTUAL I INDUSTRIAL Els continguts d&#8217;aquest lloc, incloent-hi [&hellip;]<\/p>\n","protected":false},"author":2,"featured_media":0,"parent":0,"menu_order":5,"comment_status":"closed","ping_status":"closed","template":"","meta":{"footnotes":""},"class_list":["post-2358","page","type-page","status-publish","hentry"],"yoast_head":"<!-- This site is optimized with the Yoast SEO plugin v27.4 - https:\/\/yoast.com\/product\/yoast-seo-wordpress\/ -->\n<title>Av\u00eds Legal | Ferlam Serveis immobiliaris<\/title>\n<meta name=\"description\" content=\"Consulta l&#039;av\u00eds legal de Ferlam Serveis immobiliaris per con\u00e8ixer les condicions d&#039;\u00fas i les pol\u00edtiques legals del nostre lloc web.\" \/>\n<meta name=\"robots\" content=\"index, follow, max-snippet:-1, max-image-preview:large, max-video-preview:-1\" \/>\n<link rel=\"canonical\" href=\"https:\/\/ferlamripoll.com\/ca\/avis-legal\/\" \/>\n<meta property=\"og:locale\" content=\"ca_ES\" \/>\n<meta property=\"og:type\" content=\"article\" \/>\n<meta property=\"og:title\" content=\"Av\u00eds Legal | Ferlam Serveis immobiliaris\" \/>\n<meta property=\"og:description\" content=\"Consulta l&#039;av\u00eds legal de Ferlam Serveis immobiliaris per con\u00e8ixer les condicions d&#039;\u00fas i les pol\u00edtiques legals del nostre lloc web.\" \/>\n<meta property=\"og:url\" content=\"https:\/\/ferlamripoll.com\/ca\/avis-legal\/\" \/>\n<meta property=\"og:site_name\" content=\"Ferlam - Servicios inmobiliarios\" \/>\n<meta property=\"article:publisher\" content=\"https:\/\/www.facebook.com\/people\/Ferlam\/100048870507316\/\" \/>\n<meta property=\"article:modified_time\" content=\"2025-03-20T14:13:59+00:00\" \/>\n<meta name=\"twitter:card\" content=\"summary_large_image\" \/>\n<meta name=\"twitter:label1\" content=\"Temps estimat de lectura\" \/>\n\t<meta name=\"twitter:data1\" content=\"2 minuts\" \/>\n<script type=\"application\/ld+json\" class=\"yoast-schema-graph\">{\"@context\":\"https:\\\/\\\/schema.org\",\"@graph\":[{\"@type\":\"WebPage\",\"@id\":\"https:\\\/\\\/ferlamripoll.com\\\/ca\\\/avis-legal\\\/\",\"url\":\"https:\\\/\\\/ferlamripoll.com\\\/ca\\\/avis-legal\\\/\",\"name\":\"Av\u00eds Legal | Ferlam Serveis immobiliaris\",\"isPartOf\":{\"@id\":\"https:\\\/\\\/ferlamripoll.com\\\/ca\\\/#website\"},\"datePublished\":\"2024-09-23T16:56:00+00:00\",\"dateModified\":\"2025-03-20T14:13:59+00:00\",\"description\":\"Consulta l'av\u00eds legal de Ferlam Serveis immobiliaris per con\u00e8ixer les condicions d'\u00fas i les pol\u00edtiques legals del nostre lloc web.\",\"breadcrumb\":{\"@id\":\"https:\\\/\\\/ferlamripoll.com\\\/ca\\\/avis-legal\\\/#breadcrumb\"},\"inLanguage\":\"ca\",\"potentialAction\":[{\"@type\":\"ReadAction\",\"target\":[\"https:\\\/\\\/ferlamripoll.com\\\/ca\\\/avis-legal\\\/\"]}]},{\"@type\":\"BreadcrumbList\",\"@id\":\"https:\\\/\\\/ferlamripoll.com\\\/ca\\\/avis-legal\\\/#breadcrumb\",\"itemListElement\":[{\"@type\":\"ListItem\",\"position\":1,\"name\":\"Portada\",\"item\":\"https:\\\/\\\/ferlamripoll.com\\\/ca\\\/inici\\\/\"},{\"@type\":\"ListItem\",\"position\":2,\"name\":\"Av\u00eds legal\"}]},{\"@type\":\"WebSite\",\"@id\":\"https:\\\/\\\/ferlamripoll.com\\\/ca\\\/#website\",\"url\":\"https:\\\/\\\/ferlamripoll.com\\\/ca\\\/\",\"name\":\"Ferlam - Servicios inmobiliarios\",\"description\":\"\",\"publisher\":{\"@id\":\"https:\\\/\\\/ferlamripoll.com\\\/ca\\\/#organization\"},\"potentialAction\":[{\"@type\":\"SearchAction\",\"target\":{\"@type\":\"EntryPoint\",\"urlTemplate\":\"https:\\\/\\\/ferlamripoll.com\\\/ca\\\/?s={search_term_string}\"},\"query-input\":{\"@type\":\"PropertyValueSpecification\",\"valueRequired\":true,\"valueName\":\"search_term_string\"}}],\"inLanguage\":\"ca\"},{\"@type\":\"Organization\",\"@id\":\"https:\\\/\\\/ferlamripoll.com\\\/ca\\\/#organization\",\"name\":\"Ferlam - Servicios inmobiliarios\",\"url\":\"https:\\\/\\\/ferlamripoll.com\\\/ca\\\/\",\"logo\":{\"@type\":\"ImageObject\",\"inLanguage\":\"ca\",\"@id\":\"https:\\\/\\\/ferlamripoll.com\\\/ca\\\/#\\\/schema\\\/logo\\\/image\\\/\",\"url\":\"https:\\\/\\\/ferlamripoll.com\\\/wp-content\\\/uploads\\\/2024\\\/09\\\/logo-ferlam-1.webp\",\"contentUrl\":\"https:\\\/\\\/ferlamripoll.com\\\/wp-content\\\/uploads\\\/2024\\\/09\\\/logo-ferlam-1.webp\",\"width\":350,\"height\":96,\"caption\":\"Ferlam - Servicios inmobiliarios\"},\"image\":{\"@id\":\"https:\\\/\\\/ferlamripoll.com\\\/ca\\\/#\\\/schema\\\/logo\\\/image\\\/\"},\"sameAs\":[\"https:\\\/\\\/www.facebook.com\\\/people\\\/Ferlam\\\/100048870507316\\\/\",\"https:\\\/\\\/www.instagram.com\\\/ferlam.immobiliaria\\\/\"]}]}<\/script>\n<!-- \/ Yoast SEO plugin. -->","yoast_head_json":{"title":"Av\u00eds Legal | Ferlam Serveis immobiliaris","description":"Consulta l'av\u00eds legal de Ferlam Serveis immobiliaris per con\u00e8ixer les condicions d'\u00fas i les pol\u00edtiques legals del nostre lloc web.","robots":{"index":"index","follow":"follow","max-snippet":"max-snippet:-1","max-image-preview":"max-image-preview:large","max-video-preview":"max-video-preview:-1"},"canonical":"https:\/\/ferlamripoll.com\/ca\/avis-legal\/","og_locale":"ca_ES","og_type":"article","og_title":"Av\u00eds Legal | Ferlam Serveis immobiliaris","og_description":"Consulta l'av\u00eds legal de Ferlam Serveis immobiliaris per con\u00e8ixer les condicions d'\u00fas i les pol\u00edtiques legals del nostre lloc web.","og_url":"https:\/\/ferlamripoll.com\/ca\/avis-legal\/","og_site_name":"Ferlam - Servicios inmobiliarios","article_publisher":"https:\/\/www.facebook.com\/people\/Ferlam\/100048870507316\/","article_modified_time":"2025-03-20T14:13:59+00:00","twitter_card":"summary_large_image","twitter_misc":{"Temps estimat de lectura":"2 minuts"},"schema":{"@context":"https:\/\/schema.org","@graph":[{"@type":"WebPage","@id":"https:\/\/ferlamripoll.com\/ca\/avis-legal\/","url":"https:\/\/ferlamripoll.com\/ca\/avis-legal\/","name":"Av\u00eds Legal | Ferlam Serveis immobiliaris","isPartOf":{"@id":"https:\/\/ferlamripoll.com\/ca\/#website"},"datePublished":"2024-09-23T16:56:00+00:00","dateModified":"2025-03-20T14:13:59+00:00","description":"Consulta l'av\u00eds legal de Ferlam Serveis immobiliaris per con\u00e8ixer les condicions d'\u00fas i les pol\u00edtiques legals del nostre lloc web.","breadcrumb":{"@id":"https:\/\/ferlamripoll.com\/ca\/avis-legal\/#breadcrumb"},"inLanguage":"ca","potentialAction":[{"@type":"ReadAction","target":["https:\/\/ferlamripoll.com\/ca\/avis-legal\/"]}]},{"@type":"BreadcrumbList","@id":"https:\/\/ferlamripoll.com\/ca\/avis-legal\/#breadcrumb","itemListElement":[{"@type":"ListItem","position":1,"name":"Portada","item":"https:\/\/ferlamripoll.com\/ca\/inici\/"},{"@type":"ListItem","position":2,"name":"Av\u00eds legal"}]},{"@type":"WebSite","@id":"https:\/\/ferlamripoll.com\/ca\/#website","url":"https:\/\/ferlamripoll.com\/ca\/","name":"Ferlam - Servicios inmobiliarios","description":"","publisher":{"@id":"https:\/\/ferlamripoll.com\/ca\/#organization"},"potentialAction":[{"@type":"SearchAction","target":{"@type":"EntryPoint","urlTemplate":"https:\/\/ferlamripoll.com\/ca\/?s={search_term_string}"},"query-input":{"@type":"PropertyValueSpecification","valueRequired":true,"valueName":"search_term_string"}}],"inLanguage":"ca"},{"@type":"Organization","@id":"https:\/\/ferlamripoll.com\/ca\/#organization","name":"Ferlam - Servicios inmobiliarios","url":"https:\/\/ferlamripoll.com\/ca\/","logo":{"@type":"ImageObject","inLanguage":"ca","@id":"https:\/\/ferlamripoll.com\/ca\/#\/schema\/logo\/image\/","url":"https:\/\/ferlamripoll.com\/wp-content\/uploads\/2024\/09\/logo-ferlam-1.webp","contentUrl":"https:\/\/ferlamripoll.com\/wp-content\/uploads\/2024\/09\/logo-ferlam-1.webp","width":350,"height":96,"caption":"Ferlam - Servicios inmobiliarios"},"image":{"@id":"https:\/\/ferlamripoll.com\/ca\/#\/schema\/logo\/image\/"},"sameAs":["https:\/\/www.facebook.com\/people\/Ferlam\/100048870507316\/","https:\/\/www.instagram.com\/ferlam.immobiliaria\/"]}]}},"_links":{"self":[{"href":"https:\/\/ferlamripoll.com\/ca\/wp-json\/wp\/v2\/pages\/2358","targetHints":{"allow":["GET"]}}],"collection":[{"href":"https:\/\/ferlamripoll.com\/ca\/wp-json\/wp\/v2\/pages"}],"about":[{"href":"https:\/\/ferlamripoll.com\/ca\/wp-json\/wp\/v2\/types\/page"}],"author":[{"embeddable":true,"href":"https:\/\/ferlamripoll.com\/ca\/wp-json\/wp\/v2\/users\/2"}],"replies":[{"embeddable":true,"href":"https:\/\/ferlamripoll.com\/ca\/wp-json\/wp\/v2\/comments?post=2358"}],"version-history":[{"count":1,"href":"https:\/\/ferlamripoll.com\/ca\/wp-json\/wp\/v2\/pages\/2358\/revisions"}],"predecessor-version":[{"id":2359,"href":"https:\/\/ferlamripoll.com\/ca\/wp-json\/wp\/v2\/pages\/2358\/revisions\/2359"}],"wp:attachment":[{"href":"https:\/\/ferlamripoll.com\/ca\/wp-json\/wp\/v2\/media?parent=2358"}],"curies":[{"name":"wp","href":"https:\/\/api.w.org\/{rel}","templated":true}]}}